{"id":408,"date":"2023-05-08T18:01:39","date_gmt":"2023-05-08T18:01:39","guid":{"rendered":"https:\/\/ifconseil.com\/?page_id=408"},"modified":"2023-09-20T17:38:14","modified_gmt":"2023-09-20T17:38:14","slug":"legal-notice","status":"publish","type":"page","link":"https:\/\/ifconseil.com\/en\/legal-notice\/","title":{"rendered":"Terms of use"},"content":{"rendered":"<div data-elementor-type=\"wp-page\" data-elementor-id=\"408\" class=\"elementor elementor-408\" data-elementor-post-type=\"page\">\n\t\t\t\t\t\t<section class=\"elementor-section elementor-top-section elementor-element elementor-element-27a57d2 elementor-section-boxed elementor-section-height-default elementor-section-height-default\" data-id=\"27a57d2\" data-element_type=\"section\" data-e-type=\"section\">\n\t\t\t\t\t\t<div class=\"elementor-container elementor-column-gap-default\">\n\t\t\t\t\t<div class=\"elementor-column elementor-col-100 elementor-top-column elementor-element elementor-element-6a6c9c2\" data-id=\"6a6c9c2\" data-element_type=\"column\" data-e-type=\"column\">\n\t\t\t<div class=\"elementor-widget-wrap elementor-element-populated\">\n\t\t\t\t\t\t<div class=\"elementor-element elementor-element-2d98ea4 elementor-widget elementor-widget-heading\" data-id=\"2d98ea4\" data-element_type=\"widget\" data-e-type=\"widget\" data-widget_type=\"heading.default\">\n\t\t\t\t<div class=\"elementor-widget-container\">\n\t\t\t\t\t<h2 class=\"elementor-heading-title elementor-size-default\">Terms of use\n<\/h2>\t\t\t\t<\/div>\n\t\t\t\t<\/div>\n\t\t\t\t\t<\/div>\n\t\t<\/div>\n\t\t\t\t\t<\/div>\n\t\t<\/section>\n\t\t\t\t<section class=\"elementor-section elementor-top-section elementor-element elementor-element-112d58b elementor-section-height-min-height elementor-section-items-top elementor-section-boxed elementor-section-height-default\" data-id=\"112d58b\" data-element_type=\"section\" data-e-type=\"section\">\n\t\t\t\t\t\t<div class=\"elementor-container elementor-column-gap-default\">\n\t\t\t\t\t<div class=\"elementor-column elementor-col-100 elementor-top-column elementor-element elementor-element-48126e6\" data-id=\"48126e6\" data-element_type=\"column\" data-e-type=\"column\">\n\t\t\t<div class=\"elementor-widget-wrap elementor-element-populated\">\n\t\t\t\t\t\t<div class=\"elementor-element elementor-element-0f0d7d4 elementor-widget elementor-widget-text-editor\" data-id=\"0f0d7d4\" data-element_type=\"widget\" data-e-type=\"widget\" data-widget_type=\"text-editor.default\">\n\t\t\t\t<div class=\"elementor-widget-container\">\n\t\t\t\t\t\t\t\t\t<div style=\"margin: 0px 0px 25.9375px; padding: 0px; border: 0px; outline: 0px; font-size: 14px; text-size-adjust: 100%; vertical-align: baseline; background-image: initial; background-position: 50% center; background-size: cover; background-repeat: no-repeat; background-attachment: initial; background-origin: initial; background-clip: initial; position: relative; animation-timing-function: linear; animation-duration: 0.2s; overflow-wrap: break-word; text-align: justify; color: #666666; font-family: 'Droid Serif', sans-serif;\">\n<div style=\"margin: 0px; padding: 0px; border: 0px; outline: 0px; text-size-adjust: 100%; vertical-align: baseline; background: transparent; position: relative;\">\n<h4 style=\"margin: 0px; border: 0px; outline: 0px; font-size: 18px; text-size-adjust: 100%; vertical-align: baseline; background: transparent; color: #ed7921; line-height: 1em; font-family: 'PT Serif', Georgia, 'Times New Roman', serif; padding: 0px 0px 20px !important 0px;\"><span style=\"background-color: transparent; color: #666666; font-family: 'Droid Serif', sans-serif; font-size: 14px; font-weight: var( --e-global-typography-text-font-weight );\">The www.ifconseil.com website is published by :<\/span><\/h4>\n<p style=\"margin-right: 0px; margin-bottom: 0px; margin-left: 0px; padding: 0px 0px 1em; border: 0px; outline: 0px; text-size-adjust: 100%; vertical-align: baseline; background: transparent;\">I.F Conseil SARL<br>33, rue Albert 1er L1117 Luxembourg <br>Luxembourg<br>Share capital 12500 euros<\/p>\n<p style=\"margin-right: 0px; margin-bottom: 0px; margin-left: 0px; padding: 0px 0px 1em; border: 0px; outline: 0px; text-size-adjust: 100%; vertical-align: baseline; background: transparent;\">Telephone +352 661 19 71 23<\/p>\n<p style=\"margin-right: 0px; margin-bottom: 0px; margin-left: 0px; padding: 0px 0px 1em; border: 0px; outline: 0px; text-size-adjust: 100%; vertical-align: baseline; background: transparent;\"><a style=\"margin: 0px; padding: 0px; border: 0px; outline: 0px; text-size-adjust: 100%; vertical-align: baseline; background-image: initial; background-position: initial; background-size: initial; background-repeat: initial; background-attachment: initial; background-origin: initial; background-clip: initial; color: #ed7921;\" href=\"https:\/\/ifconseil.com\/en\/legal-notice\/\" target=\"_blank\" rel=\"noopener noreferrer\">The site is hosted by :<\/a>&nbsp;OVH 2 rue Kellermann - 59100 Roubaix - France<\/p>\n<p style=\"margin-right: 0px; margin-bottom: 0px; margin-left: 0px; padding: 0px 0px 1em; border: 0px; outline: 0px; text-size-adjust: 100%; vertical-align: baseline; background: transparent;\">Publication manager: Isabelle Ferlin<\/p>\n<p style=\"margin-right: 0px; margin-bottom: 0px; margin-left: 0px; padding: 0px 0px 1em; border: 0px; outline: 0px; text-size-adjust: 100%; vertical-align: baseline; background: transparent;\">Email : info@ifconseil.com<br>Tel: + 352 661 19 71 23<\/p><p style=\"margin-right: 0px; margin-bottom: 0px; margin-left: 0px; padding: 0px 0px 1em; border: 0px; outline: 0px; text-size-adjust: 100%; vertical-align: baseline; background: transparent;\"><br>The site was designed with the help of UX Design located at Z.A.R.E. Ilot Ouest - B\u00e2timent 16 - L-4384 Ehlerange.<br>Website: www.uxdesign.lu<\/p>\n<p>A redesign was carried out in May 2023 by <a href=\"https:\/\/www.wpsolution.io\/\">WPSolution<\/a> and site protected by <a href=\"https:\/\/www.wordpresspirate.com\/\">WordPress Pirate<\/a><\/p>\n<p style=\"margin-right: 0px; margin-bottom: 0px; margin-left: 0px; padding: 0px 0px 1em; border: 0px; outline: 0px; text-size-adjust: 100%; vertical-align: baseline; background: transparent;\">These disclaimers include the terms of use and the data protection charter, whose purpose is to govern the use of the site by users and to inform them of their rights and obligations.<\/p>\n<h2 style=\"margin: 0px; padding: 0px 0px 10px; border: 0px; outline: 0px; font-size: 22px; text-size-adjust: 100%; vertical-align: baseline; background: transparent; color: #333333; line-height: 1em; font-family: 'PT Serif', Georgia, 'Times New Roman', serif;\">TERMS &amp; CONDITIONS<\/h2>\n<p style=\"margin-right: 0px; margin-bottom: 0px; margin-left: 0px; padding: 0px 0px 1em; border: 0px; outline: 0px; text-size-adjust: 100%; vertical-align: baseline; background: transparent;\">Use of the www.ifconseil.com website implies full acceptance of the general conditions of use described below. IF Conseil SARL reserves the right to modify, correct or delete the content of the site, and users are therefore advised to consult them regularly.<br>IF Conseil SARL cannot be held responsible for the use made by Internet users of the information contained on the site.<br>Internet users are also responsible for taking all appropriate measures to protect their computer hardware, data and software, in particular against computer viruses.<br>IF Conseil SARL cannot be held responsible for damage caused by a virus when connecting to its site.<\/p>\n<h2 style=\"margin: 0px; padding: 0px 0px 10px; border: 0px; outline: 0px; font-size: 22px; text-size-adjust: 100%; vertical-align: baseline; background: transparent; color: #333333; line-height: 1em; font-family: 'PT Serif', Georgia, 'Times New Roman', serif;\">INTELLECTUAL PROPERTY<\/h2>\n<p style=\"margin-right: 0px; margin-bottom: 0px; margin-left: 0px; padding: 0px; border: 0px; outline: 0px; text-size-adjust: 100%; vertical-align: baseline; background: transparent;\">All elements and content on the IF Conseil SARL website are protected by intellectual property rights, in particular logos, brands, photos, videos, texts, drawings, graphics, presentations, etc.<br>Any reproduction, distribution, copy, adaptation or quotation of all or part of the site, on any medium whatsoever and for any purpose whatsoever, is strictly forbidden without the prior written authorization of the company or the holder of the rights.<br>The entire site is an intellectual work protected by intellectual property laws.<\/p>\n<\/div>\n<\/div>\t\t\t\t\t\t\t\t<\/div>\n\t\t\t\t<\/div>\n\t\t\t\t\t<\/div>\n\t\t<\/div>\n\t\t\t\t\t<\/div>\n\t\t<\/section>\n\t\t\t\t<\/div>","protected":false},"excerpt":{"rendered":"<p>Mentions l\u00e9gales Le site www.ifconseil.com est \u00e9dit\u00e9 par : I.F Conseil SARL33, rue Albert 1er L1117 Luxembourg LuxembourgCapital social 12500 euros T\u00e9l\u00e9phone +352 661 19 71 23 Le site est h\u00e9berg\u00e9 par :&nbsp;OVH&nbsp; 2 rue Kellermann \u2013 59100 Roubaix \u2013 France Responsable de la publication :&nbsp;Isabelle Ferlin Email : info@ifconseil.comTel : + 352 661 19 [&hellip;]<\/p>\n","protected":false},"author":1,"featured_media":0,"parent":0,"menu_order":0,"comment_status":"closed","ping_status":"closed","template":"","meta":{"footnotes":""},"class_list":["post-408","page","type-page","status-publish","hentry"],"yoast_head":"<!-- This site is optimized with the Yoast SEO plugin v27.0 - https:\/\/yoast.com\/product\/yoast-seo-wordpress\/ -->\n<title>Mentions l\u00e9gales - If, Cabinet de Coaching et Conseil en ressources humaines<\/title>\n<meta name=\"robots\" content=\"index, follow, max-snippet:-1, max-image-preview:large, max-video-preview:-1\" \/>\n<link rel=\"canonical\" href=\"https:\/\/ifconseil.com\/en\/legal-notice\/\" \/>\n<meta property=\"og:locale\" content=\"en_US\" \/>\n<meta property=\"og:type\" content=\"article\" \/>\n<meta property=\"og:title\" content=\"Mentions l\u00e9gales - If, Cabinet de Coaching et Conseil en ressources humaines\" \/>\n<meta property=\"og:description\" content=\"Mentions l\u00e9gales Le site www.ifconseil.com est \u00e9dit\u00e9 par : I.F Conseil SARL33, rue Albert 1er L1117 Luxembourg LuxembourgCapital social 12500 euros T\u00e9l\u00e9phone +352 661 19 71 23 Le site est h\u00e9berg\u00e9 par :&nbsp;OVH&nbsp; 2 rue Kellermann \u2013 59100 Roubaix \u2013 France Responsable de la publication :&nbsp;Isabelle Ferlin Email : info@ifconseil.comTel : + 352 661 19 [&hellip;]\" \/>\n<meta property=\"og:url\" content=\"https:\/\/ifconseil.com\/en\/legal-notice\/\" \/>\n<meta property=\"og:site_name\" content=\"If, Cabinet de Coaching et Conseil en ressources humaines\" \/>\n<meta property=\"article:modified_time\" content=\"2023-09-20T17:38:14+00:00\" \/>\n<meta name=\"twitter:card\" content=\"summary_large_image\" \/>\n<meta name=\"twitter:label1\" content=\"Est. reading time\" \/>\n\t<meta name=\"twitter:data1\" content=\"2 minutes\" \/>\n<script type=\"application\/ld+json\" class=\"yoast-schema-graph\">{\"@context\":\"https:\/\/schema.org\",\"@graph\":[{\"@type\":\"WebPage\",\"@id\":\"https:\/\/ifconseil.com\/mentions-legales\/\",\"url\":\"https:\/\/ifconseil.com\/mentions-legales\/\",\"name\":\"Mentions l\u00e9gales - If, Cabinet de Coaching et Conseil en ressources humaines\",\"isPartOf\":{\"@id\":\"https:\/\/ifconseil.com\/#website\"},\"datePublished\":\"2023-05-08T18:01:39+00:00\",\"dateModified\":\"2023-09-20T17:38:14+00:00\",\"breadcrumb\":{\"@id\":\"https:\/\/ifconseil.com\/mentions-legales\/#breadcrumb\"},\"inLanguage\":\"en-US\",\"potentialAction\":[{\"@type\":\"ReadAction\",\"target\":[\"https:\/\/ifconseil.com\/mentions-legales\/\"]}]},{\"@type\":\"BreadcrumbList\",\"@id\":\"https:\/\/ifconseil.com\/mentions-legales\/#breadcrumb\",\"itemListElement\":[{\"@type\":\"ListItem\",\"position\":1,\"name\":\"Accueil\",\"item\":\"https:\/\/ifconseil.com\/\"},{\"@type\":\"ListItem\",\"position\":2,\"name\":\"Mentions l\u00e9gales\"}]},{\"@type\":\"WebSite\",\"@id\":\"https:\/\/ifconseil.com\/#website\",\"url\":\"https:\/\/ifconseil.com\/\",\"name\":\"If, Cabinet de Coaching et Conseil en ressources humaines\",\"description\":\"If, Cabinet de Coaching et Conseil en ressources humaines\",\"publisher\":{\"@id\":\"https:\/\/ifconseil.com\/#organization\"},\"potentialAction\":[{\"@type\":\"SearchAction\",\"target\":{\"@type\":\"EntryPoint\",\"urlTemplate\":\"https:\/\/ifconseil.com\/?s={search_term_string}\"},\"query-input\":{\"@type\":\"PropertyValueSpecification\",\"valueRequired\":true,\"valueName\":\"search_term_string\"}}],\"inLanguage\":\"en-US\"},{\"@type\":\"Organization\",\"@id\":\"https:\/\/ifconseil.com\/#organization\",\"name\":\"If, Cabinet de Coaching et Conseil en ressources humaines\",\"url\":\"https:\/\/ifconseil.com\/\",\"logo\":{\"@type\":\"ImageObject\",\"inLanguage\":\"en-US\",\"@id\":\"https:\/\/ifconseil.com\/#\/schema\/logo\/image\/\",\"url\":\"https:\/\/ifconseil.com\/wp-content\/uploads\/2023\/04\/logo-IF-color_BD_50-v4.png\",\"contentUrl\":\"https:\/\/ifconseil.com\/wp-content\/uploads\/2023\/04\/logo-IF-color_BD_50-v4.png\",\"width\":816,\"height\":809,\"caption\":\"If, Cabinet de Coaching et Conseil en ressources humaines\"},\"image\":{\"@id\":\"https:\/\/ifconseil.com\/#\/schema\/logo\/image\/\"}}]}<\/script>\n<!-- \/ Yoast SEO plugin. -->","yoast_head_json":{"title":"Legal information - If, Cabinet de Coaching et Conseil en ressources humaines","robots":{"index":"index","follow":"follow","max-snippet":"max-snippet:-1","max-image-preview":"max-image-preview:large","max-video-preview":"max-video-preview:-1"},"canonical":"https:\/\/ifconseil.com\/en\/legal-notice\/","og_locale":"en_US","og_type":"article","og_title":"Mentions l\u00e9gales - If, Cabinet de Coaching et Conseil en ressources humaines","og_description":"Mentions l\u00e9gales Le site www.ifconseil.com est \u00e9dit\u00e9 par : I.F Conseil SARL33, rue Albert 1er L1117 Luxembourg LuxembourgCapital social 12500 euros T\u00e9l\u00e9phone +352 661 19 71 23 Le site est h\u00e9berg\u00e9 par :&nbsp;OVH&nbsp; 2 rue Kellermann \u2013 59100 Roubaix \u2013 France Responsable de la publication :&nbsp;Isabelle Ferlin Email : info@ifconseil.comTel : + 352 661 19 [&hellip;]","og_url":"https:\/\/ifconseil.com\/en\/legal-notice\/","og_site_name":"If, Cabinet de Coaching et Conseil en ressources humaines","article_modified_time":"2023-09-20T17:38:14+00:00","twitter_card":"summary_large_image","twitter_misc":{"Est. reading time":"2 minutes"},"schema":{"@context":"https:\/\/schema.org","@graph":[{"@type":"WebPage","@id":"https:\/\/ifconseil.com\/mentions-legales\/","url":"https:\/\/ifconseil.com\/mentions-legales\/","name":"Legal information - If, Cabinet de Coaching et Conseil en ressources humaines","isPartOf":{"@id":"https:\/\/ifconseil.com\/#website"},"datePublished":"2023-05-08T18:01:39+00:00","dateModified":"2023-09-20T17:38:14+00:00","breadcrumb":{"@id":"https:\/\/ifconseil.com\/mentions-legales\/#breadcrumb"},"inLanguage":"en-US","potentialAction":[{"@type":"ReadAction","target":["https:\/\/ifconseil.com\/mentions-legales\/"]}]},{"@type":"BreadcrumbList","@id":"https:\/\/ifconseil.com\/mentions-legales\/#breadcrumb","itemListElement":[{"@type":"ListItem","position":1,"name":"Accueil","item":"https:\/\/ifconseil.com\/"},{"@type":"ListItem","position":2,"name":"Mentions l\u00e9gales"}]},{"@type":"WebSite","@id":"https:\/\/ifconseil.com\/#website","url":"https:\/\/ifconseil.com\/","name":"If, Coaching and Human Resources Consultancy","description":"If, Coaching and Human Resources Consultancy","publisher":{"@id":"https:\/\/ifconseil.com\/#organization"},"potentialAction":[{"@type":"SearchAction","target":{"@type":"EntryPoint","urlTemplate":"https:\/\/ifconseil.com\/?s={search_term_string}"},"query-input":{"@type":"PropertyValueSpecification","valueRequired":true,"valueName":"search_term_string"}}],"inLanguage":"en-US"},{"@type":"Organization","@id":"https:\/\/ifconseil.com\/#organization","name":"If, Coaching and Human Resources Consultancy","url":"https:\/\/ifconseil.com\/","logo":{"@type":"ImageObject","inLanguage":"en-US","@id":"https:\/\/ifconseil.com\/#\/schema\/logo\/image\/","url":"https:\/\/ifconseil.com\/wp-content\/uploads\/2023\/04\/logo-IF-color_BD_50-v4.png","contentUrl":"https:\/\/ifconseil.com\/wp-content\/uploads\/2023\/04\/logo-IF-color_BD_50-v4.png","width":816,"height":809,"caption":"If, Cabinet de Coaching et Conseil en ressources humaines"},"image":{"@id":"https:\/\/ifconseil.com\/#\/schema\/logo\/image\/"}}]}},"_links":{"self":[{"href":"https:\/\/ifconseil.com\/en\/wp-json\/wp\/v2\/pages\/408","targetHints":{"allow":["GET"]}}],"collection":[{"href":"https:\/\/ifconseil.com\/en\/wp-json\/wp\/v2\/pages"}],"about":[{"href":"https:\/\/ifconseil.com\/en\/wp-json\/wp\/v2\/types\/page"}],"author":[{"embeddable":true,"href":"https:\/\/ifconseil.com\/en\/wp-json\/wp\/v2\/users\/1"}],"replies":[{"embeddable":true,"href":"https:\/\/ifconseil.com\/en\/wp-json\/wp\/v2\/comments?post=408"}],"version-history":[{"count":44,"href":"https:\/\/ifconseil.com\/en\/wp-json\/wp\/v2\/pages\/408\/revisions"}],"predecessor-version":[{"id":1009,"href":"https:\/\/ifconseil.com\/en\/wp-json\/wp\/v2\/pages\/408\/revisions\/1009"}],"wp:attachment":[{"href":"https:\/\/ifconseil.com\/en\/wp-json\/wp\/v2\/media?parent=408"}],"curies":[{"name":"wp","href":"https:\/\/api.w.org\/{rel}","templated":true}]}}